{"id":11,"date":"2023-12-11T11:46:21","date_gmt":"2023-12-11T11:46:21","guid":{"rendered":"http:\/\/tlclaboratorio.synology.me\/everesting\/?page_id=11"},"modified":"2024-05-09T22:27:59","modified_gmt":"2024-05-09T22:27:59","slug":"inscripcion","status":"publish","type":"page","link":"https:\/\/everestingspain.com\/index.php\/inscripcion\/","title":{"rendered":"Inscripci\u00f3n"},"content":{"rendered":"<p>[et_pb_section fb_built=\u00bb1&#8243; _builder_version=\u00bb4.23.1&#8243; _module_preset=\u00bbdefault\u00bb background_color=\u00bb#000000&#8243; custom_margin=\u00bb0px||0px||false|false\u00bb custom_padding=\u00bb0px||0px||false|false\u00bb da_disable_devices=\u00bboff|off|off\u00bb global_module=\u00bb102&#8243; saved_tabs=\u00bball\u00bb locked=\u00bboff\u00bb global_colors_info=\u00bb{}\u00bb da_is_popup=\u00bboff\u00bb da_exit_intent=\u00bboff\u00bb da_has_close=\u00bbon\u00bb da_alt_close=\u00bboff\u00bb da_dark_close=\u00bboff\u00bb da_not_modal=\u00bbon\u00bb da_is_singular=\u00bboff\u00bb da_with_loader=\u00bboff\u00bb da_has_shadow=\u00bbon\u00bb][et_pb_row _builder_version=\u00bb4.23.1&#8243; _module_preset=\u00bbdefault\u00bb background_color=\u00bb#000000&#8243; custom_margin=\u00bb0px||0px||false|false\u00bb custom_padding=\u00bb0px||0px||false|false\u00bb global_colors_info=\u00bb{}\u00bb][et_pb_column type=\u00bb4_4&#8243; _builder_version=\u00bb4.23.1&#8243; _module_preset=\u00bbdefault\u00bb global_colors_info=\u00bb{}\u00bb][et_pb_countdown_timer date_time=\u00bb2024-06-15 06:30&#8243; _builder_version=\u00bb4.24.0&#8243; _module_preset=\u00bbdefault\u00bb header_font_size=\u00bb1px\u00bb numbers_font_size=\u00bb38px\u00bb separator_font_size=\u00bb31px\u00bb label_text_color=\u00bb#000000&#8243; label_font_size=\u00bb1px\u00bb background_color=\u00bb#000000&#8243; custom_margin=\u00bb0px||0px||false|false\u00bb custom_padding=\u00bb10px||0px||false|false\u00bb numbers_font_size_tablet=\u00bb\u00bb numbers_font_size_phone=\u00bb28px\u00bb numbers_font_size_last_edited=\u00bbon|phone\u00bb global_colors_info=\u00bb{}\u00bb][\/et_pb_countdown_timer][et_pb_text _builder_version=\u00bb4.24.0&#8243; _module_preset=\u00bbdefault\u00bb text_font=\u00bb|700|||||||\u00bb text_text_color=\u00bb#FFFFFF\u00bb text_font_size=\u00bb16px\u00bb text_letter_spacing=\u00bb2px\u00bb text_orientation=\u00bbcenter\u00bb custom_padding=\u00bb||10px|||\u00bb text_font_size_tablet=\u00bb\u00bb text_font_size_phone=\u00bb13px\u00bb text_font_size_last_edited=\u00bbon|phone\u00bb global_colors_info=\u00bb{}\u00bb]<\/p>\n<p>15 JUNIO 2024 &#8211; ASTURIAS<\/p>\n<p>[\/et_pb_text][\/et_pb_column][\/et_pb_row][\/et_pb_section][et_pb_section fb_built=\u00bb1&#8243; admin_label=\u00bbAmenities\u00bb _builder_version=\u00bb4.23.4&#8243; custom_padding=\u00bb41px|0px|33px|0px|false|false\u00bb da_disable_devices=\u00bboff|off|off\u00bb locked=\u00bboff\u00bb global_colors_info=\u00bb{}\u00bb da_is_popup=\u00bboff\u00bb da_exit_intent=\u00bboff\u00bb da_has_close=\u00bbon\u00bb da_alt_close=\u00bboff\u00bb da_dark_close=\u00bboff\u00bb da_not_modal=\u00bbon\u00bb da_is_singular=\u00bboff\u00bb da_with_loader=\u00bboff\u00bb da_has_shadow=\u00bbon\u00bb][et_pb_row column_structure=\u00bb1_3,1_3,1_3&#8243; make_equal=\u00bbon\u00bb padding_left_right_link_4=\u00bbfalse\u00bb _builder_version=\u00bb4.24.0&#8243; background_color=\u00bb#ffffff\u00bb width=\u00bb92%\u00bb max_width=\u00bb1596px\u00bb custom_margin=\u00bb||||false|false\u00bb custom_padding=\u00bb13px||||false|false\u00bb locked=\u00bboff\u00bb global_colors_info=\u00bb{}\u00bb][et_pb_column type=\u00bb1_3&#8243; module_id=\u00bbeveresting\u00bb module_class=\u00bbeveresting\u00bb _builder_version=\u00bb4.24.0&#8243; custom_padding=\u00bb20px|20px|20px|20px|true|true\u00bb box_shadow_style=\u00bbpreset1&#8243; box_shadow_horizontal=\u00bb-5px\u00bb box_shadow_vertical=\u00bb16px\u00bb box_shadow_blur=\u00bb15px\u00bb box_shadow_color=\u00bbrgba(0,0,0,0.19)\u00bb global_colors_info=\u00bb{}\u00bb custom_padding__hover=\u00bb|||\u00bb][et_pb_text _builder_version=\u00bb4.23.1&#8243; text_font=\u00bbInter|||on|||||\u00bb text_text_color=\u00bb#000000&#8243; text_font_size=\u00bb33px\u00bb text_line_height=\u00bb2em\u00bb header_font=\u00bb||||||||\u00bb header_2_font=\u00bbGilda Display||||||||\u00bb header_2_font_size=\u00bb60px\u00bb header_2_line_height=\u00bb1.2em\u00bb max_width=\u00bb550px\u00bb custom_margin=\u00bb||22px|||\u00bb header_2_font_size_tablet=\u00bb40px\u00bb header_2_font_size_phone=\u00bb30px\u00bb header_2_font_size_last_edited=\u00bbon|phone\u00bb locked=\u00bboff\u00bb global_colors_info=\u00bb{}\u00bb]<\/p>\n<p>Everesting<\/p>\n<p>[\/et_pb_text][et_pb_blurb title=\u00bb177 km\u00bb use_icon=\u00bbon\u00bb font_icon=\u00bb&#xf4d7;||fa||900&#8243; icon_color=\u00bb#000000&#8243; icon_placement=\u00bbleft\u00bb image_icon_width=\u00bb37px\u00bb _builder_version=\u00bb4.23.4&#8243; header_font=\u00bb|600|||||||\u00bb header_font_size=\u00bb20px\u00bb header_letter_spacing=\u00bb1px\u00bb header_line_height=\u00bb1.3em\u00bb body_font=\u00bb|300|||||||\u00bb body_text_align=\u00bbjustify\u00bb body_text_color=\u00bb#000000&#8243; body_font_size=\u00bb18px\u00bb body_line_height=\u00bb1.8em\u00bb custom_margin=\u00bb26px||8px||false|false\u00bb locked=\u00bboff\u00bb global_colors_info=\u00bb{}\u00bb icon_color__hover_enabled=\u00bboff|desktop\u00bb icon_color__hover=\u00bb#ff5900&#8243;][\/et_pb_blurb][et_pb_cta button_url=\u00bb#\u00bb _builder_version=\u00bb4.23.4&#8243; header_font=\u00bbGilda Display||||||||\u00bb header_font_size=\u00bb26px\u00bb header_line_height=\u00bb1.3em\u00bb use_background_color_gradient=\u00bbon\u00bb background_color_gradient_stops=\u00bbrgba(34,43,58,0) 0%|#222b3a 100%\u00bb background_color_gradient_overlays_image=\u00bbon\u00bb background_color_gradient_start=\u00bbrgba(34,43,58,0)\u00bb background_color_gradient_end=\u00bb#222b3a\u00bb background_image=\u00bbhttps:\/\/everestingspain.com\/wp-content\/uploads\/2024\/01\/modalidades-EVERESTING.png\u00bb background_position=\u00bbtop_center\u00bb custom_button=\u00bbon\u00bb button_text_size=\u00bb16px\u00bb button_text_color=\u00bb#ffffff\u00bb button_bg_color=\u00bb#007fff\u00bb button_bg_color_gradient_direction=\u00bb190deg\u00bb button_bg_color_gradient_stops=\u00bbrgba(255,255,255,0) 0%|rgba(255,255,255,0.28) 100%\u00bb button_bg_color_gradient_start=\u00bbrgba(255,255,255,0)\u00bb button_bg_color_gradient_end=\u00bbrgba(255,255,255,0.28)\u00bb button_border_width=\u00bb8px\u00bb button_border_color=\u00bbrgba(0,0,0,0)\u00bb button_border_radius=\u00bb0px\u00bb button_font=\u00bbOpen Sans|600|||||||\u00bb button_use_icon=\u00bboff\u00bb custom_padding=\u00bb190px||0px||false|\u00bb locked=\u00bboff\u00bb global_colors_info=\u00bb{}\u00bb button_text_color__hover=\u00bb#0f87ff\u00bb button_bg_color__hover=\u00bb#1c8dff\u00bb button_bg_color__hover_enabled=\u00bbon\u00bb][\/et_pb_cta][et_pb_blurb title=\u00bbTarifas\u00bb use_icon=\u00bbon\u00bb font_icon=\u00bb&#x41;||divi||400&#8243; icon_color=\u00bb#000000&#8243; icon_placement=\u00bbleft\u00bb image_icon_width=\u00bb37px\u00bb font_icon_last_edited=\u00bboff|desktop\u00bb _builder_version=\u00bb4.25.1&#8243; header_font=\u00bb|600|||||||\u00bb header_font_size=\u00bb20px\u00bb header_letter_spacing=\u00bb1px\u00bb header_line_height=\u00bb1.3em\u00bb body_font=\u00bb|300|||||||\u00bb body_text_align=\u00bbjustify\u00bb body_text_color=\u00bb#000000&#8243; body_font_size=\u00bb16px\u00bb body_line_height=\u00bb1.8em\u00bb custom_margin=\u00bb26px||24px||false|false\u00bb hover_enabled=\u00bb0&#8243; locked=\u00bboff\u00bb global_colors_info=\u00bb{}\u00bb icon_color__hover_enabled=\u00bboff|desktop\u00bb icon_color__hover=\u00bb#ff5900&#8243; sticky_enabled=\u00bb0&#8243;]<\/p>\n<p>Por definir<\/p>\n<p>[\/et_pb_blurb][et_pb_button button_text=\u00bbPr\u00f3ximamente\u00bb button_alignment=\u00bbcenter\u00bb disabled_on=\u00bboff|off|off\u00bb _builder_version=\u00bb4.25.1&#8243; _module_preset=\u00bbdefault\u00bb custom_button=\u00bbon\u00bb button_text_color=\u00bb#FFFFFF\u00bb button_bg_color=\u00bb#000000&#8243; button_border_color=\u00bb#000000&#8243; custom_margin=\u00bb||43px|||\u00bb hover_enabled=\u00bb0&#8243; global_colors_info=\u00bb{}\u00bb sticky_enabled=\u00bb0&#8243;][\/et_pb_button][et_pb_blurb title=\u00bb\u00bfQu\u00e9 incluye la inscripci\u00f3n?\u00bb use_icon=\u00bbon\u00bb font_icon=\u00bb&#xf1b2;||fa||900&#8243; icon_color=\u00bb#000000&#8243; icon_placement=\u00bbleft\u00bb image_icon_width=\u00bb30px\u00bb font_icon_last_edited=\u00bboff|desktop\u00bb _builder_version=\u00bb4.24.1&#8243; header_font=\u00bb|600|||||||\u00bb header_font_size=\u00bb17px\u00bb header_letter_spacing=\u00bb1px\u00bb header_line_height=\u00bb1.3em\u00bb body_font=\u00bb|300|||||||\u00bb body_text_align=\u00bbjustify\u00bb body_text_color=\u00bb#000000&#8243; body_line_height=\u00bb1.8em\u00bb custom_margin=\u00bb26px||16px||false|false\u00bb locked=\u00bboff\u00bb global_colors_info=\u00bb{}\u00bb icon_color__hover_enabled=\u00bboff|desktop\u00bb icon_color__hover=\u00bb#ff5900&#8243;]<\/p>\n<p>Bolsa del corredor, Maillot Tactic de alta gama, avituallamientos s\u00f3lidos, l\u00edquidos, comidas calientes, autob\u00fas fin de prueba, fot\u00f3grafos en carrera, servicios m\u00e9dicos, servicio mec\u00e1nico, motos de apoyo, cronometraje oficial, guardarropa (posibilidad de acceso durante la prueba), medalla de finisher, premios a los mejores en cada categor\u00eda, fisioterapia, duchas y vestuarios\u2026 y muchas m\u00e1s sorpresas!<\/p>\n<p>[\/et_pb_blurb][et_pb_toggle title=\u00bbObservaciones\u00bb _builder_version=\u00bb4.24.1&#8243; _module_preset=\u00bbdefault\u00bb global_colors_info=\u00bb{}\u00bb]<\/p>\n<p>Licencia de d\u00eda 12\u20ac.<\/p>\n<p>La organizaci\u00f3n destinar\u00e1 2\u20ac a a la <a href=\"https:\/\/www.juegaterapia.org\/\" target=\"_blank\" rel=\"noopener\">Fundaci\u00f3n Juegaterapia<\/a>. El participante podr\u00e1 aportar 2\u20ac m\u00e1s para el proyecto El Jard\u00edn de mi Hospi.<\/p>\n<p>Impuestos y gastos de gesti\u00f3n incluidos.<\/p>\n<p>[\/et_pb_toggle][\/et_pb_column][et_pb_column type=\u00bb1_3&#8243; module_id=\u00bbheveresting\u00bb module_class=\u00bbheveresting\u00bb _builder_version=\u00bb4.24.0&#8243; custom_padding=\u00bb20px|20px|20px|20px|true|true\u00bb box_shadow_style=\u00bbpreset1&#8243; box_shadow_horizontal=\u00bb-5px\u00bb box_shadow_vertical=\u00bb16px\u00bb box_shadow_blur=\u00bb15px\u00bb box_shadow_color=\u00bbrgba(0,0,0,0.19)\u00bb global_colors_info=\u00bb{}\u00bb custom_padding__hover=\u00bb|||\u00bb][et_pb_text _builder_version=\u00bb4.23.1&#8243; text_font=\u00bbInter|||on|||||\u00bb text_text_color=\u00bb#000000&#8243; text_font_size=\u00bb33px\u00bb text_line_height=\u00bb2em\u00bb header_font=\u00bb||||||||\u00bb header_2_font=\u00bbGilda Display||||||||\u00bb header_2_font_size=\u00bb60px\u00bb header_2_line_height=\u00bb1.2em\u00bb max_width=\u00bb550px\u00bb custom_margin=\u00bb||22px|||\u00bb header_2_font_size_tablet=\u00bb40px\u00bb header_2_font_size_phone=\u00bb30px\u00bb header_2_font_size_last_edited=\u00bbon|phone\u00bb locked=\u00bboff\u00bb global_colors_info=\u00bb{}\u00bb]<\/p>\n<p>Half everesting<\/p>\n<p>[\/et_pb_text][et_pb_blurb title=\u00bb88 km\u00bb use_icon=\u00bbon\u00bb font_icon=\u00bb&#xf4d7;||fa||900&#8243; icon_color=\u00bb#000000&#8243; icon_placement=\u00bbleft\u00bb image_icon_width=\u00bb37px\u00bb _builder_version=\u00bb4.23.4&#8243; header_font=\u00bb|600|||||||\u00bb header_font_size=\u00bb20px\u00bb header_letter_spacing=\u00bb1px\u00bb header_line_height=\u00bb1.3em\u00bb body_font=\u00bb|300|||||||\u00bb body_text_align=\u00bbjustify\u00bb body_text_color=\u00bb#000000&#8243; body_font_size=\u00bb18px\u00bb body_line_height=\u00bb1.8em\u00bb custom_margin=\u00bb26px||8px||false|false\u00bb locked=\u00bboff\u00bb global_colors_info=\u00bb{}\u00bb icon_color__hover_enabled=\u00bboff|desktop\u00bb icon_color__hover=\u00bb#ff5900&#8243;][\/et_pb_blurb][et_pb_cta button_url=\u00bb#\u00bb _builder_version=\u00bb4.23.4&#8243; header_font=\u00bbGilda Display||||||||\u00bb header_font_size=\u00bb26px\u00bb header_line_height=\u00bb1.3em\u00bb use_background_color_gradient=\u00bbon\u00bb background_color_gradient_stops=\u00bbrgba(34,43,58,0) 0%|#222b3a 100%\u00bb background_color_gradient_overlays_image=\u00bbon\u00bb background_color_gradient_start=\u00bbrgba(34,43,58,0)\u00bb background_color_gradient_end=\u00bb#222b3a\u00bb background_image=\u00bbhttps:\/\/everestingspain.com\/wp-content\/uploads\/2024\/01\/modalidades-HALF.png\u00bb background_position=\u00bbtop_center\u00bb custom_button=\u00bbon\u00bb button_text_size=\u00bb16px\u00bb button_text_color=\u00bb#ffffff\u00bb button_bg_color=\u00bb#007fff\u00bb button_bg_color_gradient_direction=\u00bb190deg\u00bb button_bg_color_gradient_stops=\u00bbrgba(255,255,255,0) 0%|rgba(255,255,255,0.28) 100%\u00bb button_bg_color_gradient_start=\u00bbrgba(255,255,255,0)\u00bb button_bg_color_gradient_end=\u00bbrgba(255,255,255,0.28)\u00bb button_border_width=\u00bb8px\u00bb button_border_color=\u00bbrgba(0,0,0,0)\u00bb button_border_radius=\u00bb0px\u00bb button_font=\u00bbOpen Sans|600|||||||\u00bb button_use_icon=\u00bboff\u00bb custom_padding=\u00bb190px||0px||false|\u00bb locked=\u00bboff\u00bb global_colors_info=\u00bb{}\u00bb button_text_color__hover=\u00bb#0f87ff\u00bb button_bg_color__hover=\u00bb#1c8dff\u00bb button_bg_color__hover_enabled=\u00bbon\u00bb][\/et_pb_cta][et_pb_blurb title=\u00bbTarifas\u00bb use_icon=\u00bbon\u00bb font_icon=\u00bb&#x41;||divi||400&#8243; icon_color=\u00bb#000000&#8243; icon_placement=\u00bbleft\u00bb image_icon_width=\u00bb37px\u00bb font_icon_last_edited=\u00bboff|desktop\u00bb _builder_version=\u00bb4.25.1&#8243; header_font=\u00bb|600|||||||\u00bb header_font_size=\u00bb20px\u00bb header_letter_spacing=\u00bb1px\u00bb header_line_height=\u00bb1.3em\u00bb body_font=\u00bb|300|||||||\u00bb body_text_align=\u00bbjustify\u00bb body_text_color=\u00bb#000000&#8243; body_font_size=\u00bb16px\u00bb body_line_height=\u00bb1.8em\u00bb custom_margin=\u00bb26px||24px||false|false\u00bb hover_enabled=\u00bb0&#8243; locked=\u00bboff\u00bb global_colors_info=\u00bb{}\u00bb icon_color__hover_enabled=\u00bboff|desktop\u00bb icon_color__hover=\u00bb#ff5900&#8243; sticky_enabled=\u00bb0&#8243;]<\/p>\n<p>Por definir<\/p>\n<p>[\/et_pb_blurb][et_pb_button button_text=\u00bbPr\u00f3ximamente\u00bb button_alignment=\u00bbcenter\u00bb disabled_on=\u00bboff|off|off\u00bb _builder_version=\u00bb4.25.1&#8243; _module_preset=\u00bbdefault\u00bb custom_button=\u00bbon\u00bb button_text_color=\u00bb#FFFFFF\u00bb button_bg_color=\u00bb#000000&#8243; button_border_color=\u00bb#000000&#8243; custom_margin=\u00bb||43px|||\u00bb hover_enabled=\u00bb0&#8243; global_colors_info=\u00bb{}\u00bb sticky_enabled=\u00bb0&#8243;][\/et_pb_button][et_pb_blurb title=\u00bb\u00bfQu\u00e9 incluye la inscripci\u00f3n?\u00bb use_icon=\u00bbon\u00bb font_icon=\u00bb&#xf1b2;||fa||900&#8243; icon_color=\u00bb#000000&#8243; icon_placement=\u00bbleft\u00bb image_icon_width=\u00bb30px\u00bb font_icon_last_edited=\u00bboff|desktop\u00bb _builder_version=\u00bb4.24.1&#8243; header_font=\u00bb|600|||||||\u00bb header_font_size=\u00bb17px\u00bb header_letter_spacing=\u00bb1px\u00bb header_line_height=\u00bb1.3em\u00bb body_font=\u00bb|300|||||||\u00bb body_text_align=\u00bbjustify\u00bb body_text_color=\u00bb#000000&#8243; body_line_height=\u00bb1.8em\u00bb custom_margin=\u00bb26px||16px||false|false\u00bb locked=\u00bboff\u00bb global_colors_info=\u00bb{}\u00bb icon_color__hover_enabled=\u00bboff|desktop\u00bb icon_color__hover=\u00bb#ff5900&#8243;]<\/p>\n<p>Bolsa del corredor, Maillot Tactic de alta gama, avituallamientos s\u00f3lidos, l\u00edquidos, comidas calientes, autob\u00fas fin de prueba, fot\u00f3grafos en carrera, servicios m\u00e9dicos, servicio mec\u00e1nico, motos de apoyo, cronometraje oficial, guardarropa (posibilidad de acceso durante la prueba), medalla de finisher, premios a los mejores en cada categor\u00eda, fisioterapia, duchas y vestuarios\u2026 y muchas m\u00e1s sorpresas!<\/p>\n<p>[\/et_pb_blurb][et_pb_toggle title=\u00bbObservaciones\u00bb _builder_version=\u00bb4.24.1&#8243; _module_preset=\u00bbdefault\u00bb global_colors_info=\u00bb{}\u00bb]<\/p>\n<p>Licencia de d\u00eda 12\u20ac.<\/p>\n<p>La organizaci\u00f3n destinar\u00e1 2\u20ac a a la <a href=\"https:\/\/www.juegaterapia.org\/\" target=\"_blank\" rel=\"noopener\">Fundaci\u00f3n Juegaterapia<\/a>. El participante podr\u00e1 aportar 2\u20ac m\u00e1s para el proyecto El Jard\u00edn de mi Hospi.<\/p>\n<p>Impuestos y gastos de gesti\u00f3n incluidos.<\/p>\n<p>[\/et_pb_toggle][\/et_pb_column][et_pb_column type=\u00bb1_3&#8243; module_id=\u00bbdeveresting\u00bb module_class=\u00bbdeveresting\u00bb _builder_version=\u00bb4.24.0&#8243; custom_padding=\u00bb20px|20px|20px|20px|true|true\u00bb box_shadow_style=\u00bbpreset1&#8243; box_shadow_horizontal=\u00bb-5px\u00bb box_shadow_vertical=\u00bb16px\u00bb box_shadow_blur=\u00bb15px\u00bb box_shadow_color=\u00bbrgba(0,0,0,0.19)\u00bb global_colors_info=\u00bb{}\u00bb custom_padding__hover=\u00bb|||\u00bb][et_pb_text _builder_version=\u00bb4.24.0&#8243; text_font=\u00bbInter|||on|||||\u00bb text_text_color=\u00bb#000000&#8243; text_font_size=\u00bb33px\u00bb text_line_height=\u00bb2em\u00bb header_font=\u00bb||||||||\u00bb header_2_font=\u00bbGilda Display||||||||\u00bb header_2_font_size=\u00bb60px\u00bb header_2_line_height=\u00bb1.2em\u00bb max_width=\u00bb550px\u00bb custom_margin=\u00bb||22px|||\u00bb header_2_font_size_tablet=\u00bb40px\u00bb header_2_font_size_phone=\u00bb30px\u00bb header_2_font_size_last_edited=\u00bbon|phone\u00bb locked=\u00bboff\u00bb global_colors_info=\u00bb{}\u00bb]<\/p>\n<p>Everesting duo<\/p>\n<p>[\/et_pb_text][et_pb_blurb title=\u00bb177 km Relevos\u00bb use_icon=\u00bbon\u00bb font_icon=\u00bb&#xf4d7;||fa||900&#8243; icon_color=\u00bb#000000&#8243; icon_placement=\u00bbleft\u00bb image_icon_width=\u00bb37px\u00bb _builder_version=\u00bb4.23.4&#8243; header_font=\u00bb|600|||||||\u00bb header_font_size=\u00bb20px\u00bb header_letter_spacing=\u00bb1px\u00bb header_line_height=\u00bb1.3em\u00bb body_font=\u00bb|300|||||||\u00bb body_text_align=\u00bbjustify\u00bb body_text_color=\u00bb#000000&#8243; body_font_size=\u00bb18px\u00bb body_line_height=\u00bb1.8em\u00bb custom_margin=\u00bb26px||8px||false|false\u00bb locked=\u00bboff\u00bb global_colors_info=\u00bb{}\u00bb icon_color__hover_enabled=\u00bboff|desktop\u00bb icon_color__hover=\u00bb#ff5900&#8243;][\/et_pb_blurb][et_pb_cta button_url=\u00bb#\u00bb _builder_version=\u00bb4.23.4&#8243; header_font=\u00bbGilda Display||||||||\u00bb header_font_size=\u00bb26px\u00bb header_line_height=\u00bb1.3em\u00bb use_background_color_gradient=\u00bbon\u00bb background_color_gradient_stops=\u00bbrgba(34,43,58,0) 0%|#222b3a 100%\u00bb background_color_gradient_overlays_image=\u00bbon\u00bb background_color_gradient_start=\u00bbrgba(34,43,58,0)\u00bb background_color_gradient_end=\u00bb#222b3a\u00bb background_image=\u00bbhttps:\/\/everestingspain.com\/wp-content\/uploads\/2024\/01\/modalidades-DUO.png\u00bb background_position=\u00bbtop_center\u00bb custom_button=\u00bbon\u00bb button_text_size=\u00bb16px\u00bb button_text_color=\u00bb#ffffff\u00bb button_bg_color=\u00bb#007fff\u00bb button_bg_color_gradient_direction=\u00bb190deg\u00bb button_bg_color_gradient_stops=\u00bbrgba(255,255,255,0) 0%|rgba(255,255,255,0.28) 100%\u00bb button_bg_color_gradient_start=\u00bbrgba(255,255,255,0)\u00bb button_bg_color_gradient_end=\u00bbrgba(255,255,255,0.28)\u00bb button_border_width=\u00bb8px\u00bb button_border_color=\u00bbrgba(0,0,0,0)\u00bb button_border_radius=\u00bb0px\u00bb button_font=\u00bbOpen Sans|600|||||||\u00bb button_use_icon=\u00bboff\u00bb custom_padding=\u00bb190px||0px||false|\u00bb locked=\u00bboff\u00bb global_colors_info=\u00bb{}\u00bb button_text_color__hover=\u00bb#0f87ff\u00bb button_bg_color__hover=\u00bb#1c8dff\u00bb button_bg_color__hover_enabled=\u00bbon\u00bb][\/et_pb_cta][et_pb_blurb title=\u00bbTarifas\u00bb use_icon=\u00bbon\u00bb font_icon=\u00bb&#x41;||divi||400&#8243; icon_color=\u00bb#000000&#8243; icon_placement=\u00bbleft\u00bb image_icon_width=\u00bb37px\u00bb font_icon_last_edited=\u00bboff|desktop\u00bb _builder_version=\u00bb4.25.1&#8243; header_font=\u00bb|600|||||||\u00bb header_font_size=\u00bb20px\u00bb header_letter_spacing=\u00bb1px\u00bb header_line_height=\u00bb1.3em\u00bb body_font=\u00bb|300|||||||\u00bb body_text_align=\u00bbjustify\u00bb body_text_color=\u00bb#000000&#8243; body_font_size=\u00bb16px\u00bb body_line_height=\u00bb1.8em\u00bb custom_margin=\u00bb26px||24px||false|false\u00bb hover_enabled=\u00bb0&#8243; locked=\u00bboff\u00bb global_colors_info=\u00bb{}\u00bb icon_color__hover_enabled=\u00bboff|desktop\u00bb icon_color__hover=\u00bb#ff5900&#8243; sticky_enabled=\u00bb0&#8243;]<\/p>\n<p>Por definir<\/p>\n<p>[\/et_pb_blurb][et_pb_button button_text=\u00bbPr\u00f3ximamente\u00bb button_alignment=\u00bbcenter\u00bb disabled_on=\u00bboff|off|off\u00bb _builder_version=\u00bb4.25.1&#8243; _module_preset=\u00bbdefault\u00bb custom_button=\u00bbon\u00bb button_text_color=\u00bb#FFFFFF\u00bb button_bg_color=\u00bb#000000&#8243; button_border_color=\u00bb#000000&#8243; custom_margin=\u00bb||43px|||\u00bb hover_enabled=\u00bb0&#8243; global_colors_info=\u00bb{}\u00bb sticky_enabled=\u00bb0&#8243;][\/et_pb_button][et_pb_blurb title=\u00bb\u00bfQu\u00e9 incluye la inscripci\u00f3n?\u00bb use_icon=\u00bbon\u00bb font_icon=\u00bb&#xf1b2;||fa||900&#8243; icon_color=\u00bb#000000&#8243; icon_placement=\u00bbleft\u00bb image_icon_width=\u00bb30px\u00bb font_icon_last_edited=\u00bboff|desktop\u00bb _builder_version=\u00bb4.24.1&#8243; header_font=\u00bb|600|||||||\u00bb header_font_size=\u00bb17px\u00bb header_letter_spacing=\u00bb1px\u00bb header_line_height=\u00bb1.3em\u00bb body_font=\u00bb|300|||||||\u00bb body_text_align=\u00bbjustify\u00bb body_text_color=\u00bb#000000&#8243; body_line_height=\u00bb1.8em\u00bb custom_margin=\u00bb26px||16px||false|false\u00bb locked=\u00bboff\u00bb global_colors_info=\u00bb{}\u00bb icon_color__hover_enabled=\u00bboff|desktop\u00bb icon_color__hover=\u00bb#ff5900&#8243;]<\/p>\n<p>Bolsa del corredor, Maillot Tactic de alta gama, avituallamientos s\u00f3lidos, l\u00edquidos, comidas calientes, autob\u00fas fin de prueba, fot\u00f3grafos en carrera, servicios m\u00e9dicos, servicio mec\u00e1nico, motos de apoyo, cronometraje oficial, guardarropa (posibilidad de acceso durante la prueba), medalla de finisher, premios a los mejores en cada categor\u00eda, fisioterapia, duchas y vestuarios\u2026 y muchas m\u00e1s sorpresas!<\/p>\n<p>[\/et_pb_blurb][et_pb_toggle title=\u00bbObservaciones\u00bb _builder_version=\u00bb4.24.1&#8243; _module_preset=\u00bbdefault\u00bb global_colors_info=\u00bb{}\u00bb]<\/p>\n<p>Licencia de d\u00eda 12\u20ac.<\/p>\n<p>La organizaci\u00f3n destinar\u00e1 2\u20ac a a la <a href=\"https:\/\/www.juegaterapia.org\/\" target=\"_blank\" rel=\"noopener\">Fundaci\u00f3n Juegaterapia<\/a>. El participante podr\u00e1 aportar 2\u20ac m\u00e1s para el proyecto El Jard\u00edn de mi Hospi.<\/p>\n<p>Impuestos y gastos de gesti\u00f3n incluidos.<\/p>\n<p>[\/et_pb_toggle][\/et_pb_column][\/et_pb_row][\/et_pb_section]<\/p>\n","protected":false},"excerpt":{"rendered":"<p>15 JUNIO 2024 &#8211; ASTURIASEverestingPor definirBolsa del corredor, Maillot Tactic de alta gama, avituallamientos s\u00f3lidos, l\u00edquidos, comidas calientes, autob\u00fas fin de prueba, fot\u00f3grafos en carrera, servicios m\u00e9dicos, servicio mec\u00e1nico, motos de apoyo, cronometraje oficial, guardarropa (posibilidad de acceso durante la prueba), medalla de finisher, premios a los mejores en cada categor\u00eda, fisioterapia, duchas y vestuarios\u2026 [&hellip;]<\/p>\n","protected":false},"author":2,"featured_media":0,"parent":0,"menu_order":3,"comment_status":"closed","ping_status":"closed","template":"","meta":{"_et_pb_use_builder":"on","_et_pb_old_content":"<!-- wp:paragraph -->\n<p>This is an example page. It's different from a blog post because it will stay in one place and will show up in your site navigation (in most themes). Most people start with an About page that introduces them to potential site visitors. It might say something like this:<\/p>\n<!-- \/wp:paragraph -->\n\n<!-- wp:quote -->\n<blockquote class=\"wp-block-quote\"><p>Hi there! I'm a bike messenger by day, aspiring actor by night, and this is my website. I live in Los Angeles, have a great dog named Jack, and I like pi&#241;a coladas. (And gettin' caught in the rain.)<\/p><\/blockquote>\n<!-- \/wp:quote -->\n\n<!-- wp:paragraph -->\n<p>...or something like this:<\/p>\n<!-- \/wp:paragraph -->\n\n<!-- wp:quote -->\n<blockquote class=\"wp-block-quote\"><p>The XYZ Doohickey Company was founded in 1971, and has been providing quality doohickeys to the public ever since. Located in Gotham City, XYZ employs over 2,000 people and does all kinds of awesome things for the Gotham community.<\/p><\/blockquote>\n<!-- \/wp:quote -->\n\n<!-- wp:paragraph -->\n<p>As a new WordPress user, you should go to <a href=\"https:\/\/everestingspain.com\/wp-admin\/\">your dashboard<\/a> to delete this page and create new pages for your content. Have fun!<\/p>\n<!-- \/wp:paragraph -->","_et_gb_content_width":"","footnotes":""},"class_list":["post-11","page","type-page","status-publish","hentry"],"aioseo_notices":[],"_links":{"self":[{"href":"https:\/\/everestingspain.com\/index.php\/wp-json\/wp\/v2\/pages\/11","targetHints":{"allow":["GET"]}}],"collection":[{"href":"https:\/\/everestingspain.com\/index.php\/wp-json\/wp\/v2\/pages"}],"about":[{"href":"https:\/\/everestingspain.com\/index.php\/wp-json\/wp\/v2\/types\/page"}],"author":[{"embeddable":true,"href":"https:\/\/everestingspain.com\/index.php\/wp-json\/wp\/v2\/users\/2"}],"replies":[{"embeddable":true,"href":"https:\/\/everestingspain.com\/index.php\/wp-json\/wp\/v2\/comments?post=11"}],"version-history":[{"count":4,"href":"https:\/\/everestingspain.com\/index.php\/wp-json\/wp\/v2\/pages\/11\/revisions"}],"predecessor-version":[{"id":922,"href":"https:\/\/everestingspain.com\/index.php\/wp-json\/wp\/v2\/pages\/11\/revisions\/922"}],"wp:attachment":[{"href":"https:\/\/everestingspain.com\/index.php\/wp-json\/wp\/v2\/media?parent=11"}],"curies":[{"name":"wp","href":"https:\/\/api.w.org\/{rel}","templated":true}]}}