{"id":61,"date":"2023-12-11T16:16:45","date_gmt":"2023-12-11T16:16:45","guid":{"rendered":"http:\/\/tlclaboratorio.synology.me\/everesting\/?page_id=61"},"modified":"2024-01-21T23:29:40","modified_gmt":"2024-01-21T23:29:40","slug":"localizacion","status":"publish","type":"page","link":"https:\/\/everestingspain.com\/index.php\/el-evento\/localizacion\/","title":{"rendered":"Localizaci\u00f3n"},"content":{"rendered":"<p>[et_pb_section fb_built=\u00bb1&#8243; _builder_version=\u00bb4.23.1&#8243; _module_preset=\u00bbdefault\u00bb background_color=\u00bb#000000&#8243; custom_margin=\u00bb0px||0px||false|false\u00bb custom_padding=\u00bb0px||0px||false|false\u00bb da_disable_devices=\u00bboff|off|off\u00bb global_module=\u00bb102&#8243; saved_tabs=\u00bball\u00bb locked=\u00bboff\u00bb global_colors_info=\u00bb{}\u00bb da_is_popup=\u00bboff\u00bb da_exit_intent=\u00bboff\u00bb da_has_close=\u00bbon\u00bb da_alt_close=\u00bboff\u00bb da_dark_close=\u00bboff\u00bb da_not_modal=\u00bbon\u00bb da_is_singular=\u00bboff\u00bb da_with_loader=\u00bboff\u00bb da_has_shadow=\u00bbon\u00bb][et_pb_row _builder_version=\u00bb4.23.1&#8243; _module_preset=\u00bbdefault\u00bb background_color=\u00bb#000000&#8243; custom_margin=\u00bb0px||0px||false|false\u00bb custom_padding=\u00bb0px||0px||false|false\u00bb global_colors_info=\u00bb{}\u00bb][et_pb_column type=\u00bb4_4&#8243; _builder_version=\u00bb4.23.1&#8243; _module_preset=\u00bbdefault\u00bb global_colors_info=\u00bb{}\u00bb][et_pb_countdown_timer date_time=\u00bb2024-06-15 06:30&#8243; _builder_version=\u00bb4.23.4&#8243; _module_preset=\u00bbdefault\u00bb header_font_size=\u00bb1px\u00bb numbers_font_size=\u00bb38px\u00bb separator_font_size=\u00bb31px\u00bb label_text_color=\u00bb#000000&#8243; label_font_size=\u00bb1px\u00bb background_color=\u00bb#000000&#8243; custom_margin=\u00bb0px||0px||false|false\u00bb custom_padding=\u00bb10px||0px||false|false\u00bb global_colors_info=\u00bb{}\u00bb][\/et_pb_countdown_timer][et_pb_text _builder_version=\u00bb4.23.4&#8243; _module_preset=\u00bbdefault\u00bb text_font=\u00bb|700|||||||\u00bb text_text_color=\u00bb#FFFFFF\u00bb text_font_size=\u00bb16px\u00bb text_letter_spacing=\u00bb2px\u00bb text_orientation=\u00bbcenter\u00bb custom_padding=\u00bb||10px|||\u00bb global_colors_info=\u00bb{}\u00bb]<\/p>\n<p>15 JUNIO 2024 &#8211; ASTURIAS<\/p>\n<p>[\/et_pb_text][\/et_pb_column][\/et_pb_row][\/et_pb_section][et_pb_section fb_built=\u00bb1&#8243; admin_label=\u00bbAbout\u00bb _builder_version=\u00bb4.23.4&#8243; background_enable_color=\u00bboff\u00bb use_background_color_gradient=\u00bbon\u00bb background_color_gradient_stops=\u00bb#ffffff 26%|rgba(255,255,255,0.88) 100%\u00bb background_color_gradient_overlays_image=\u00bbon\u00bb background_enable_image=\u00bboff\u00bb custom_padding=\u00bb44px||11px||false|false\u00bb da_disable_devices=\u00bboff|off|off\u00bb global_colors_info=\u00bb{}\u00bb da_is_popup=\u00bboff\u00bb da_exit_intent=\u00bboff\u00bb da_has_close=\u00bbon\u00bb da_alt_close=\u00bboff\u00bb da_dark_close=\u00bboff\u00bb da_not_modal=\u00bbon\u00bb da_is_singular=\u00bboff\u00bb da_with_loader=\u00bboff\u00bb da_has_shadow=\u00bbon\u00bb][et_pb_row column_structure=\u00bb3_5,2_5&#8243; _builder_version=\u00bb4.23.1&#8243; _module_preset=\u00bbdefault\u00bb custom_padding=\u00bb||53px|||\u00bb global_colors_info=\u00bb{}\u00bb][et_pb_column type=\u00bb3_5&#8243; _builder_version=\u00bb4.23.1&#8243; _module_preset=\u00bbdefault\u00bb global_colors_info=\u00bb{}\u00bb][et_pb_heading title=\u00bbPOLA DE LENA\u00bb _builder_version=\u00bb4.23.1&#8243; _module_preset=\u00bbdefault\u00bb title_font_size=\u00bb56px\u00bb custom_margin=\u00bb||21px|||\u00bb global_colors_info=\u00bb{}\u00bb][\/et_pb_heading][et_pb_text _builder_version=\u00bb4.23.2&#8243; text_font=\u00bbOpen Sans||||||||\u00bb text_text_color=\u00bb#000000&#8243; text_font_size=\u00bb16px\u00bb text_line_height=\u00bb2em\u00bb header_font=\u00bb||||||||\u00bb header_text_color=\u00bb#000000&#8243; header_2_font=\u00bbGilda Display||||||||\u00bb header_2_font_size=\u00bb60px\u00bb header_2_line_height=\u00bb1.2em\u00bb text_orientation=\u00bbjustified\u00bb max_width=\u00bb550px\u00bb header_2_font_size_tablet=\u00bb40px\u00bb header_2_font_size_phone=\u00bb30px\u00bb header_2_font_size_last_edited=\u00bbon|phone\u00bb locked=\u00bboff\u00bb global_colors_info=\u00bb{}\u00bb]<\/p>\n<p>Situada en el coraz\u00f3n de Asturias, Pola de Lena se presenta como el escenario ideal para el primer EVERESTING. Envuelta por la belleza natural de la regi\u00f3n, esta encantadora localidad fusiona la autenticidad y hospitalidad asturianas con la pasi\u00f3n por el deporte.<\/p>\n<p>Reconocido como un destino ciclista de primera categor\u00eda, este rinc\u00f3n asturiano ha sido testigo de emocionantes etapas de La Vuelta a Espa\u00f1a.<\/p>\n<p>Accesible f\u00e1cilmente desde Madrid u Oviedo, Pola de Lena te invita a disfrutar del evento y descubrir los encantos de Asturias.<\/p>\n<p>[\/et_pb_text][\/et_pb_column][et_pb_column type=\u00bb2_5&#8243; _builder_version=\u00bb4.23.1&#8243; _module_preset=\u00bbdefault\u00bb global_colors_info=\u00bb{}\u00bb][et_pb_heading title=\u00bb\u00bfC\u00f3mo llegar?\u00bb _builder_version=\u00bb4.23.1&#8243; _module_preset=\u00bbdefault\u00bb title_font_size=\u00bb39px\u00bb custom_margin=\u00bb59px||21px|||\u00bb global_colors_info=\u00bb{}\u00bb][\/et_pb_heading][et_pb_toggle title=\u00bbCOCHE\u00bb open_toggle_background_color=\u00bbrgba(0,0,0,0)\u00bb closed_toggle_background_color=\u00bbrgba(0,0,0,0)\u00bb icon_color=\u00bb#000000&#8243; open_icon_color=\u00bb#ffb238&#8243; _builder_version=\u00bb4.23.2&#8243; title_text_color=\u00bb#000000&#8243; title_level=\u00bbh4&#8243; title_font=\u00bb|600||on|||||\u00bb title_font_size=\u00bb14px\u00bb title_letter_spacing=\u00bb1px\u00bb title_line_height=\u00bb1.3em\u00bb body_font=\u00bbOpen Sans||||||||\u00bb body_line_height=\u00bb2em\u00bb custom_margin=\u00bb|||\u00bb custom_padding=\u00bb10px||10px||true\u00bb border_width_all=\u00bb0px\u00bb box_shadow_style=\u00bbpreset4&#8243; box_shadow_horizontal=\u00bb0px\u00bb box_shadow_vertical=\u00bb0px\u00bb box_shadow_color=\u00bb#ffa30f\u00bb global_colors_info=\u00bb{}\u00bb box_shadow_horizontal__hover_enabled=\u00bbon\u00bb box_shadow_horizontal__hover=\u00bb-6px\u00bb]<\/p>\n<p>Utiliza la A-66 y toma la salida hacia Pola de Lena<\/p>\n<p>[\/et_pb_toggle][et_pb_toggle title=\u00bbTREN\u00bb open_toggle_background_color=\u00bbrgba(0,0,0,0)\u00bb closed_toggle_background_color=\u00bbrgba(0,0,0,0)\u00bb icon_color=\u00bb#000000&#8243; open_icon_color=\u00bb#ffb238&#8243; _builder_version=\u00bb4.23.2&#8243; title_text_color=\u00bb#000000&#8243; title_level=\u00bbh4&#8243; title_font=\u00bb|600||on|||||\u00bb title_font_size=\u00bb14px\u00bb title_letter_spacing=\u00bb1px\u00bb title_line_height=\u00bb1.3em\u00bb body_font=\u00bbOpen Sans||||||||\u00bb body_line_height=\u00bb2em\u00bb custom_margin=\u00bb|||\u00bb custom_padding=\u00bb10px||10px||true\u00bb border_width_all=\u00bb0px\u00bb box_shadow_style=\u00bbpreset4&#8243; box_shadow_horizontal=\u00bb0px\u00bb box_shadow_vertical=\u00bb0px\u00bb box_shadow_color=\u00bb#ffa30f\u00bb global_colors_info=\u00bb{}\u00bb box_shadow_horizontal__hover_enabled=\u00bbon\u00bb box_shadow_horizontal__hover=\u00bb-6px\u00bb]<\/p>\n<p>Alta velocidad desde Madrid con una duraci\u00f3n de 2 horas y 48 minutos<\/p>\n<p>[\/et_pb_toggle][et_pb_toggle title=\u00bbAVI\u00d3N\u00bb open_toggle_background_color=\u00bbrgba(0,0,0,0)\u00bb closed_toggle_background_color=\u00bbrgba(0,0,0,0)\u00bb icon_color=\u00bb#000000&#8243; open_icon_color=\u00bb#ffb238&#8243; _builder_version=\u00bb4.23.2&#8243; title_text_color=\u00bb#000000&#8243; title_level=\u00bbh4&#8243; title_font=\u00bb|600||on|||||\u00bb title_font_size=\u00bb14px\u00bb title_letter_spacing=\u00bb1px\u00bb title_line_height=\u00bb1.3em\u00bb body_font=\u00bbOpen Sans||||||||\u00bb body_line_height=\u00bb2em\u00bb custom_margin=\u00bb|||\u00bb custom_padding=\u00bb10px||10px||true\u00bb border_width_all=\u00bb0px\u00bb box_shadow_style=\u00bbpreset4&#8243; box_shadow_horizontal=\u00bb0px\u00bb box_shadow_vertical=\u00bb0px\u00bb box_shadow_color=\u00bb#ffa30f\u00bb global_colors_info=\u00bb{}\u00bb box_shadow_horizontal__hover_enabled=\u00bbon\u00bb box_shadow_horizontal__hover=\u00bb-6px\u00bb]<\/p>\n<p>El aeropuerto m\u00e1s cercano es el Aeropuerto de Asturias (OVD)<\/p>\n<p>[\/et_pb_toggle][\/et_pb_column][\/et_pb_row][\/et_pb_section][et_pb_section fb_built=\u00bb1&#8243; fullwidth=\u00bbon\u00bb _builder_version=\u00bb4.16&#8243; da_disable_devices=\u00bboff|off|off\u00bb global_colors_info=\u00bb{}\u00bb da_is_popup=\u00bboff\u00bb da_exit_intent=\u00bboff\u00bb da_has_close=\u00bbon\u00bb da_alt_close=\u00bboff\u00bb da_dark_close=\u00bboff\u00bb da_not_modal=\u00bbon\u00bb da_is_singular=\u00bboff\u00bb da_with_loader=\u00bboff\u00bb da_has_shadow=\u00bbon\u00bb][et_pb_fullwidth_image title_text=\u00bbPOLA DE LENA\u00bb _builder_version=\u00bb4.23.4&#8243; use_background_color_gradient=\u00bbon\u00bb background_color_gradient_stops=\u00bb#ffffff 0%|rgba(255,255,255,0) 51%\u00bb background_color_gradient_overlays_image=\u00bbon\u00bb background_image=\u00bbhttps:\/\/everestingspain.com\/wp-content\/uploads\/2024\/01\/POLA-DE-LENA-scaled.jpeg\u00bb min_height=\u00bb561px\u00bb custom_padding=\u00bb0px|||||\u00bb global_colors_info=\u00bb{}\u00bb][\/et_pb_fullwidth_image][\/et_pb_section][et_pb_section fb_built=\u00bb1&#8243; fullwidth=\u00bbon\u00bb _builder_version=\u00bb4.23.1&#8243; _module_preset=\u00bbdefault\u00bb da_disable_devices=\u00bboff|off|off\u00bb global_colors_info=\u00bb{}\u00bb da_is_popup=\u00bboff\u00bb da_exit_intent=\u00bboff\u00bb da_has_close=\u00bbon\u00bb da_alt_close=\u00bboff\u00bb da_dark_close=\u00bboff\u00bb da_not_modal=\u00bbon\u00bb da_is_singular=\u00bboff\u00bb da_with_loader=\u00bboff\u00bb da_has_shadow=\u00bbon\u00bb][et_pb_fullwidth_map address=\u00bbPola de Lena, 33630 Lena, Asturias, Espa\u00f1a\u00bb zoom_level=\u00bb12&#8243; address_lat=\u00bb43.171413080866&#8243; address_lng=\u00bb-5.8797593448242&#8243; _builder_version=\u00bb4.23.2&#8243; _module_preset=\u00bbdefault\u00bb custom_margin=\u00bb10px||10px||false|false\u00bb custom_padding=\u00bb0px||||false|false\u00bb hover_enabled=\u00bb0&#8243; global_colors_info=\u00bb{}\u00bb sticky_enabled=\u00bb0&#8243;][et_pb_map_pin title=\u00bbMAPA\u00bb pin_address=\u00bbPola de Lena, 33630 Lena, Asturias, Espa\u00f1a\u00bb zoom_level=\u00bb11&#8243; pin_address_lat=\u00bb43.1591428&#8243; pin_address_lng=\u00bb-5.8292909&#8243; _builder_version=\u00bb4.23.2&#8243; _module_preset=\u00bbdefault\u00bb global_colors_info=\u00bb{}\u00bb][\/et_pb_map_pin][\/et_pb_fullwidth_map][\/et_pb_section][et_pb_section fb_built=\u00bb1&#8243; _builder_version=\u00bb4.23.4&#8243; _module_preset=\u00bbdefault\u00bb background_color=\u00bb#000000&#8243; custom_margin=\u00bb0px||0px||false|false\u00bb custom_padding=\u00bb37px||62px||false|false\u00bb da_disable_devices=\u00bboff|off|off\u00bb global_module=\u00bb587&#8243; saved_tabs=\u00bball\u00bb locked=\u00bboff\u00bb global_colors_info=\u00bb{}\u00bb da_is_popup=\u00bboff\u00bb da_exit_intent=\u00bboff\u00bb da_has_close=\u00bbon\u00bb da_alt_close=\u00bboff\u00bb da_dark_close=\u00bboff\u00bb da_not_modal=\u00bbon\u00bb da_is_singular=\u00bboff\u00bb da_with_loader=\u00bboff\u00bb da_has_shadow=\u00bbon\u00bb][et_pb_row _builder_version=\u00bb4.23.4&#8243; _module_preset=\u00bbdefault\u00bb custom_margin=\u00bb0px||0px||false|false\u00bb custom_padding=\u00bb0px||0px||false|false\u00bb global_colors_info=\u00bb{}\u00bb][et_pb_column type=\u00bb4_4&#8243; _builder_version=\u00bb4.23.4&#8243; _module_preset=\u00bbdefault\u00bb global_colors_info=\u00bb{}\u00bb][et_pb_text _builder_version=\u00bb4.23.4&#8243; _module_preset=\u00bbdefault\u00bb text_font=\u00bbRoboto|300|||||||\u00bb text_text_color=\u00bb#FFFFFF\u00bb text_font_size=\u00bb27px\u00bb text_line_height=\u00bb2em\u00bb text_orientation=\u00bbcenter\u00bb custom_margin=\u00bb30px||21px||false|false\u00bb global_colors_info=\u00bb{}\u00bb]<\/p>\n<p>Si necesitas m\u00e1s informaci\u00f3n, no dudes en contactar con nosotros<\/p>\n<p>[\/et_pb_text][et_pb_button button_url=\u00bbhttps:\/\/everestingspain.com\/index.php\/contacto\/\u00bb url_new_window=\u00bbon\u00bb button_text=\u00bbCONTACTO\u00bb button_alignment=\u00bbcenter\u00bb _builder_version=\u00bb4.23.4&#8243; _module_preset=\u00bbdefault\u00bb custom_button=\u00bbon\u00bb button_text_size=\u00bb29px\u00bb button_text_color=\u00bb#000000&#8243; button_bg_color=\u00bb#FFFFFF\u00bb button_font=\u00bbInter|600|||||||\u00bb global_colors_info=\u00bb{}\u00bb][\/et_pb_button][\/et_pb_column][\/et_pb_row][\/et_pb_section]<\/p>\n","protected":false},"excerpt":{"rendered":"<p>15 JUNIO 2024 &#8211; ASTURIASSituada en el coraz\u00f3n de Asturias, Pola de Lena se presenta como el escenario ideal para el primer EVERESTING. Envuelta por la belleza natural de la regi\u00f3n, esta encantadora localidad fusiona la autenticidad y hospitalidad asturianas con la pasi\u00f3n por el deporte. Reconocido como un destino ciclista de primera categor\u00eda, este [&hellip;]<\/p>\n","protected":false},"author":2,"featured_media":0,"parent":10,"menu_order":5,"comment_status":"closed","ping_status":"closed","template":"","meta":{"_et_pb_use_builder":"on","_et_pb_old_content":"<!-- wp:paragraph -->\n<p>This is an example page. It's different from a blog post because it will stay in one place and will show up in your site navigation (in most themes). Most people start with an About page that introduces them to potential site visitors. It might say something like this:<\/p>\n<!-- \/wp:paragraph -->\n\n<!-- wp:quote -->\n<blockquote class=\"wp-block-quote\"><p>Hi there! I'm a bike messenger by day, aspiring actor by night, and this is my website. I live in Los Angeles, have a great dog named Jack, and I like pi&#241;a coladas. (And gettin' caught in the rain.)<\/p><\/blockquote>\n<!-- \/wp:quote -->\n\n<!-- wp:paragraph -->\n<p>...or something like this:<\/p>\n<!-- \/wp:paragraph -->\n\n<!-- wp:quote -->\n<blockquote class=\"wp-block-quote\"><p>The XYZ Doohickey Company was founded in 1971, and has been providing quality doohickeys to the public ever since. Located in Gotham City, XYZ employs over 2,000 people and does all kinds of awesome things for the Gotham community.<\/p><\/blockquote>\n<!-- \/wp:quote -->\n\n<!-- wp:paragraph -->\n<p>As a new WordPress user, you should go to <a href=\"https:\/\/everestingspain.com\/wp-admin\/\">your dashboard<\/a> to delete this page and create new pages for your content. Have fun!<\/p>\n<!-- \/wp:paragraph -->","_et_gb_content_width":"","footnotes":""},"class_list":["post-61","page","type-page","status-publish","hentry"],"aioseo_notices":[],"_links":{"self":[{"href":"https:\/\/everestingspain.com\/index.php\/wp-json\/wp\/v2\/pages\/61","targetHints":{"allow":["GET"]}}],"collection":[{"href":"https:\/\/everestingspain.com\/index.php\/wp-json\/wp\/v2\/pages"}],"about":[{"href":"https:\/\/everestingspain.com\/index.php\/wp-json\/wp\/v2\/types\/page"}],"author":[{"embeddable":true,"href":"https:\/\/everestingspain.com\/index.php\/wp-json\/wp\/v2\/users\/2"}],"replies":[{"embeddable":true,"href":"https:\/\/everestingspain.com\/index.php\/wp-json\/wp\/v2\/comments?post=61"}],"version-history":[{"count":0,"href":"https:\/\/everestingspain.com\/index.php\/wp-json\/wp\/v2\/pages\/61\/revisions"}],"up":[{"embeddable":true,"href":"https:\/\/everestingspain.com\/index.php\/wp-json\/wp\/v2\/pages\/10"}],"wp:attachment":[{"href":"https:\/\/everestingspain.com\/index.php\/wp-json\/wp\/v2\/media?parent=61"}],"curies":[{"name":"wp","href":"https:\/\/api.w.org\/{rel}","templated":true}]}}