{"id":69,"date":"2023-12-11T16:17:16","date_gmt":"2023-12-11T16:17:16","guid":{"rendered":"http:\/\/tlclaboratorio.synology.me\/everesting\/?page_id=69"},"modified":"2024-01-21T23:16:34","modified_gmt":"2024-01-21T23:16:34","slug":"certificado-medico","status":"publish","type":"page","link":"https:\/\/everestingspain.com\/index.php\/el-evento\/certificado-medico\/","title":{"rendered":"Certificado m\u00e9dico"},"content":{"rendered":"<p>[et_pb_section fb_built=\u00bb1&#8243; _builder_version=\u00bb4.23.1&#8243; _module_preset=\u00bbdefault\u00bb background_color=\u00bb#000000&#8243; custom_margin=\u00bb0px||0px||false|false\u00bb custom_padding=\u00bb0px||0px||false|false\u00bb da_disable_devices=\u00bboff|off|off\u00bb global_module=\u00bb102&#8243; saved_tabs=\u00bball\u00bb locked=\u00bboff\u00bb global_colors_info=\u00bb{}\u00bb da_is_popup=\u00bboff\u00bb da_exit_intent=\u00bboff\u00bb da_has_close=\u00bbon\u00bb da_alt_close=\u00bboff\u00bb da_dark_close=\u00bboff\u00bb da_not_modal=\u00bbon\u00bb da_is_singular=\u00bboff\u00bb da_with_loader=\u00bboff\u00bb da_has_shadow=\u00bbon\u00bb][et_pb_row _builder_version=\u00bb4.23.1&#8243; _module_preset=\u00bbdefault\u00bb background_color=\u00bb#000000&#8243; custom_margin=\u00bb0px||0px||false|false\u00bb custom_padding=\u00bb0px||0px||false|false\u00bb global_colors_info=\u00bb{}\u00bb][et_pb_column type=\u00bb4_4&#8243; _builder_version=\u00bb4.23.1&#8243; _module_preset=\u00bbdefault\u00bb global_colors_info=\u00bb{}\u00bb][et_pb_countdown_timer date_time=\u00bb2024-06-15 06:30&#8243; _builder_version=\u00bb4.23.4&#8243; _module_preset=\u00bbdefault\u00bb header_font_size=\u00bb1px\u00bb numbers_font_size=\u00bb38px\u00bb separator_font_size=\u00bb31px\u00bb label_text_color=\u00bb#000000&#8243; label_font_size=\u00bb1px\u00bb background_color=\u00bb#000000&#8243; custom_margin=\u00bb0px||0px||false|false\u00bb custom_padding=\u00bb10px||0px||false|false\u00bb global_colors_info=\u00bb{}\u00bb][\/et_pb_countdown_timer][et_pb_text _builder_version=\u00bb4.23.4&#8243; _module_preset=\u00bbdefault\u00bb text_font=\u00bb|700|||||||\u00bb text_text_color=\u00bb#FFFFFF\u00bb text_font_size=\u00bb16px\u00bb text_letter_spacing=\u00bb2px\u00bb text_orientation=\u00bbcenter\u00bb custom_padding=\u00bb||10px|||\u00bb global_colors_info=\u00bb{}\u00bb]<\/p>\n<p>15 JUNIO 2024 &#8211; ASTURIAS<\/p>\n<p>[\/et_pb_text][\/et_pb_column][\/et_pb_row][\/et_pb_section][et_pb_section fb_built=\u00bb1&#8243; custom_padding_last_edited=\u00bboff|desktop\u00bb admin_label=\u00bbHeader\u00bb _builder_version=\u00bb4.23.4&#8243; background_image=\u00bbhttps:\/\/everestingspain.com\/wp-content\/uploads\/2024\/01\/prueba-esfuerzo-scaled.jpeg\u00bb background_position=\u00bbtop_center\u00bb background_vertical_offset=\u00bb39%\u00bb custom_margin=\u00bb0px|0px||0px|false|true\u00bb custom_margin_phone=\u00bb20px|20px||20px|false|true\u00bb custom_margin_last_edited=\u00bboff|desktop\u00bb custom_padding=\u00bb100px|0px|0px||false|false\u00bb custom_padding_tablet=\u00bb40px||||false|false\u00bb da_disable_devices=\u00bboff|off|off\u00bb border_radii_phone=\u00bbon|20px|20px|20px|20px\u00bb border_radii_last_edited=\u00bboff|desktop\u00bb locked=\u00bboff\u00bb global_colors_info=\u00bb{}\u00bb da_is_popup=\u00bboff\u00bb da_exit_intent=\u00bboff\u00bb da_has_close=\u00bbon\u00bb da_alt_close=\u00bboff\u00bb da_dark_close=\u00bboff\u00bb da_not_modal=\u00bbon\u00bb da_is_singular=\u00bboff\u00bb da_with_loader=\u00bboff\u00bb da_has_shadow=\u00bbon\u00bb][et_pb_row custom_padding_last_edited=\u00bbon|tablet\u00bb _builder_version=\u00bb4.24.0&#8243; background_image=\u00bbhttps:\/\/everestingspain.com\/wp-content\/uploads\/2023\/12\/psychologist-09.jpg\u00bb parallax=\u00bbon\u00bb transform_scale_tablet=\u00bb\u00bb transform_scale_phone=\u00bb\u00bb transform_scale_last_edited=\u00bbon|desktop\u00bb transform_translate=\u00bb30px|0px\u00bb transform_translate_tablet=\u00bb0px|0px\u00bb transform_translate_phone=\u00bb\u00bb transform_translate_last_edited=\u00bbon|tablet\u00bb transform_translate_linked=\u00bboff\u00bb transform_rotate_tablet=\u00bb\u00bb transform_rotate_phone=\u00bb\u00bb transform_rotate_last_edited=\u00bbon|desktop\u00bb transform_skew_tablet=\u00bb\u00bb transform_skew_phone=\u00bb\u00bb transform_skew_last_edited=\u00bbon|desktop\u00bb transform_origin_tablet=\u00bb\u00bb transform_origin_phone=\u00bb\u00bb transform_origin_last_edited=\u00bbon|desktop\u00bb transform_styles_last_edited=\u00bbon|tablet\u00bb width_tablet=\u00bb90%\u00bb width_phone=\u00bb\u00bb width_last_edited=\u00bbon|desktop\u00bb max_width=\u00bb1200px\u00bb custom_padding=\u00bb100px|60px|100px|60px|true|true\u00bb custom_padding_tablet=\u00bb60px||60px||true|true\u00bb custom_padding_phone=\u00bb40px|20px|40px|20px|true|true\u00bb hover_enabled=\u00bb0&#8243; transform_styles_tablet=\u00bb\u00bb transform_styles_phone=\u00bb\u00bb border_radii_phone=\u00bboff|8px|8px||\u00bb border_radii_last_edited=\u00bboff|desktop\u00bb box_shadow_style=\u00bbpreset3&#8243; box_shadow_vertical=\u00bb40px\u00bb box_shadow_blur=\u00bb110px\u00bb box_shadow_spread=\u00bb0px\u00bb box_shadow_color=\u00bbrgba(9,6,38,0.62)\u00bb global_colors_info=\u00bb{}\u00bb background_color=\u00bbrgba(255,255,255,0.66)\u00bb sticky_enabled=\u00bb0&#8243;][et_pb_column type=\u00bb4_4&#8243; _builder_version=\u00bb4.16&#8243; global_colors_info=\u00bb{}\u00bb][et_pb_text _builder_version=\u00bb4.24.0&#8243; text_font=\u00bb||||||||\u00bb text_text_color=\u00bb#000000&#8243; text_font_size=\u00bb40px\u00bb text_line_height=\u00bb1.6em\u00bb header_font=\u00bbTaviraj||||||||\u00bb header_font_size=\u00bb60px\u00bb header_line_height=\u00bb1.2em\u00bb max_width_last_edited=\u00bboff|desktop\u00bb hover_enabled=\u00bb0&#8243; text_font_size_tablet=\u00bb28px\u00bb text_font_size_phone=\u00bb27px\u00bb text_font_size_last_edited=\u00bbon|phone\u00bb header_font_size_tablet=\u00bb40px\u00bb header_font_size_phone=\u00bb30px\u00bb header_font_size_last_edited=\u00bbon|desktop\u00bb locked=\u00bboff\u00bb global_colors_info=\u00bb{}\u00bb sticky_enabled=\u00bb0&#8243;]<\/p>\n<p>CERTIFICADO M\u00c9DICO<\/p>\n<p>[\/et_pb_text][\/et_pb_column][\/et_pb_row][\/et_pb_section][et_pb_section fb_built=\u00bb1&#8243; admin_label=\u00bbAbout\u00bb _builder_version=\u00bb4.16&#8243; background_color=\u00bbrgba(0,0,0,0)\u00bb z_index=\u00bb1&#8243; custom_margin=\u00bb|40px||40px|false|true\u00bb custom_margin_tablet=\u00bb\u00bb custom_margin_phone=\u00bb|20px||20px|false|true\u00bb custom_margin_last_edited=\u00bbon|tablet\u00bb custom_padding=\u00bb0px||55px||false|false\u00bb da_disable_devices=\u00bboff|off|off\u00bb global_colors_info=\u00bb{}\u00bb da_is_popup=\u00bboff\u00bb da_exit_intent=\u00bboff\u00bb da_has_close=\u00bbon\u00bb da_alt_close=\u00bboff\u00bb da_dark_close=\u00bboff\u00bb da_not_modal=\u00bbon\u00bb da_is_singular=\u00bboff\u00bb da_with_loader=\u00bboff\u00bb da_has_shadow=\u00bbon\u00bb][et_pb_row custom_padding_last_edited=\u00bbon|desktop\u00bb _builder_version=\u00bb4.23.4&#8243; background_color=\u00bb#ffffff\u00bb z_index=\u00bb0&#8243; width_tablet=\u00bb90%\u00bb width_phone=\u00bb90%\u00bb width_last_edited=\u00bbon|desktop\u00bb max_width=\u00bb1200px\u00bb overflow-x=\u00bbvisible\u00bb overflow-y=\u00bbvisible\u00bb custom_margin=\u00bb-30px|auto||auto|false|false\u00bb custom_padding=\u00bb60px|60px|30px|90px|false|false\u00bb custom_padding_tablet=\u00bb|||60px|false|false\u00bb custom_padding_phone=\u00bb|20px||20px|false|true\u00bb global_colors_info=\u00bb{}\u00bb width__hover_enabled=\u00bboff\u00bb][et_pb_column type=\u00bb4_4&#8243; _builder_version=\u00bb4.23.4&#8243; global_colors_info=\u00bb{}\u00bb][et_pb_text _builder_version=\u00bb4.23.4&#8243; text_font=\u00bb|300|||||||\u00bb text_text_color=\u00bb#000000&#8243; text_font_size=\u00bb20px\u00bb text_line_height=\u00bb1.8em\u00bb header_2_font=\u00bbTaviraj||||||||\u00bb header_2_font_size=\u00bb50px\u00bb header_2_line_height=\u00bb1.2em\u00bb background_enable_color=\u00bboff\u00bb text_orientation=\u00bbjustified\u00bb max_width_tablet=\u00bb100%\u00bb max_width_phone=\u00bb100%\u00bb max_width_last_edited=\u00bboff|desktop\u00bb link_option_url=\u00bb#\u00bb text_font_size_tablet=\u00bb\u00bb text_font_size_phone=\u00bb15px\u00bb text_font_size_last_edited=\u00bbon|desktop\u00bb header_2_font_size_tablet=\u00bb40px\u00bb header_2_font_size_phone=\u00bb30px\u00bb header_2_font_size_last_edited=\u00bbon|phone\u00bb border_radii=\u00bbon|6px|6px|6px|6px\u00bb locked=\u00bboff\u00bb global_colors_info=\u00bb{}\u00bb]<\/p>\n<p>Se requerir\u00e1 la presentaci\u00f3n de un certificado m\u00e9dico con prueba de esfuerzo realizado en un plazo m\u00e1ximo de seis meses antes del evento. En el certificado debe constar APTO PARA REALIZAR PRUEBA DE GRAN FONDO. Esta medida es esencial dada la magnitud del esfuerzo que se realizar\u00e1 en el evento. La prueba de esfuerzo ofrece informaci\u00f3n crucial sobre la salud cardiovascular y contribuye a prevenir posibles riesgos asociados a altas intensidades de ejercicio. Esta exigencia refleja nuestro compromiso con la salud y el bienestar de todos los participantes, asegurando una experiencia ciclista desafiante y segura para todos los involucrados.<\/p>\n<p>[\/et_pb_text][\/et_pb_column][\/et_pb_row][et_pb_row column_structure=\u00bb1_2,1_2&#8243; custom_padding_last_edited=\u00bbon|desktop\u00bb _builder_version=\u00bb4.23.4&#8243; background_color=\u00bb#ffffff\u00bb z_index=\u00bb0&#8243; width_tablet=\u00bb90%\u00bb width_phone=\u00bb90%\u00bb width_last_edited=\u00bbon|desktop\u00bb max_width=\u00bb1200px\u00bb overflow-x=\u00bbvisible\u00bb overflow-y=\u00bbvisible\u00bb custom_padding=\u00bb20px|60px|60px|90px|false|false\u00bb custom_padding_tablet=\u00bb|||60px|false|false\u00bb custom_padding_phone=\u00bb|20px||20px|false|true\u00bb locked=\u00bboff\u00bb global_colors_info=\u00bb{}\u00bb width__hover_enabled=\u00bboff\u00bb][et_pb_column type=\u00bb1_2&#8243; _builder_version=\u00bb4.23.4&#8243; global_colors_info=\u00bb{}\u00bb][et_pb_blurb title=\u00bbSer\u00e1 imprescindible entregar el certificado m\u00e9dico original en la recogida de dorsalses. De no ser entregado, no se podr\u00e1 recoger el dorsal. La organizaci\u00f3n se quedar\u00e1 con el documento.\u00bb use_icon=\u00bbon\u00bb font_icon=\u00bb&#xe052;||divi||400&#8243; icon_color=\u00bb#000000&#8243; icon_placement=\u00bbleft\u00bb image_icon_width=\u00bb27px\u00bb _builder_version=\u00bb4.23.4&#8243; _module_preset=\u00bbe5c50f21-a6d7-4af7-9cc5-130079bb3985&#8243; header_font=\u00bb|300|||||||\u00bb header_text_align=\u00bbjustify\u00bb header_text_color=\u00bb#000000&#8243; header_font_size=\u00bb19px\u00bb header_line_height=\u00bb1.7em\u00bb body_font=\u00bb|300|||||||\u00bb body_text_align=\u00bbcenter\u00bb body_text_color=\u00bb#000000&#8243; body_font_size=\u00bb24px\u00bb body_line_height=\u00bb1.8em\u00bb background_enable_color=\u00bboff\u00bb animation=\u00bboff\u00bb hover_enabled=\u00bb0&#8243; header_font_size_tablet=\u00bb20px\u00bb header_font_size_phone=\u00bb18px\u00bb header_font_size_last_edited=\u00bbon|phone\u00bb body_font_size_tablet=\u00bb15px\u00bb body_font_size_phone=\u00bb14px\u00bb body_font_size_last_edited=\u00bbon|phone\u00bb locked=\u00bboff\u00bb global_colors_info=\u00bb{}\u00bb custom_padding__sticky_enabled=\u00bboff|desktop\u00bb sticky_enabled=\u00bb0&#8243;][\/et_pb_blurb][\/et_pb_column][et_pb_column type=\u00bb1_2&#8243; _builder_version=\u00bb4.23.4&#8243; global_colors_info=\u00bb{}\u00bb][et_pb_blurb title=\u00bbDesde la organizaci\u00f3n estamos trabajando en diferentes convenios con equipos m\u00e9dicos para ofreceros estos servicios con tarifas reducidas. Os brindaremos esta informaci\u00f3n a la mayor brevedad posible.\u00bb use_icon=\u00bbon\u00bb font_icon=\u00bb&#xe052;||divi||400&#8243; icon_color=\u00bb#000000&#8243; icon_placement=\u00bbleft\u00bb image_icon_width=\u00bb27px\u00bb _builder_version=\u00bb4.23.4&#8243; _module_preset=\u00bbe5c50f21-a6d7-4af7-9cc5-130079bb3985&#8243; header_font=\u00bb|300|||||||\u00bb header_text_align=\u00bbjustify\u00bb header_text_color=\u00bb#000000&#8243; header_font_size=\u00bb19px\u00bb header_line_height=\u00bb1.7em\u00bb body_font=\u00bb|300|||||||\u00bb body_text_align=\u00bbcenter\u00bb body_text_color=\u00bb#000000&#8243; body_font_size=\u00bb24px\u00bb body_line_height=\u00bb1.8em\u00bb background_enable_color=\u00bboff\u00bb animation=\u00bboff\u00bb header_font_size_tablet=\u00bb20px\u00bb header_font_size_phone=\u00bb18px\u00bb header_font_size_last_edited=\u00bbon|phone\u00bb body_font_size_tablet=\u00bb15px\u00bb body_font_size_phone=\u00bb14px\u00bb body_font_size_last_edited=\u00bbon|phone\u00bb locked=\u00bboff\u00bb global_colors_info=\u00bb{}\u00bb custom_padding__sticky_enabled=\u00bboff|desktop\u00bb][\/et_pb_blurb][\/et_pb_column][\/et_pb_row][\/et_pb_section][et_pb_section fb_built=\u00bb1&#8243; _builder_version=\u00bb4.23.4&#8243; _module_preset=\u00bbdefault\u00bb background_color=\u00bb#000000&#8243; custom_margin=\u00bb0px||0px||false|false\u00bb custom_padding=\u00bb37px||62px||false|false\u00bb da_disable_devices=\u00bboff|off|off\u00bb global_module=\u00bb587&#8243; saved_tabs=\u00bball\u00bb locked=\u00bboff\u00bb global_colors_info=\u00bb{}\u00bb da_is_popup=\u00bboff\u00bb da_exit_intent=\u00bboff\u00bb da_has_close=\u00bbon\u00bb da_alt_close=\u00bboff\u00bb da_dark_close=\u00bboff\u00bb da_not_modal=\u00bbon\u00bb da_is_singular=\u00bboff\u00bb da_with_loader=\u00bboff\u00bb da_has_shadow=\u00bbon\u00bb][et_pb_row _builder_version=\u00bb4.23.4&#8243; _module_preset=\u00bbdefault\u00bb custom_margin=\u00bb0px||0px||false|false\u00bb custom_padding=\u00bb0px||0px||false|false\u00bb global_colors_info=\u00bb{}\u00bb][et_pb_column type=\u00bb4_4&#8243; _builder_version=\u00bb4.23.4&#8243; _module_preset=\u00bbdefault\u00bb global_colors_info=\u00bb{}\u00bb][et_pb_text _builder_version=\u00bb4.23.4&#8243; _module_preset=\u00bbdefault\u00bb text_font=\u00bbRoboto|300|||||||\u00bb text_text_color=\u00bb#FFFFFF\u00bb text_font_size=\u00bb27px\u00bb text_line_height=\u00bb2em\u00bb text_orientation=\u00bbcenter\u00bb custom_margin=\u00bb30px||21px||false|false\u00bb global_colors_info=\u00bb{}\u00bb]<\/p>\n<p>Si necesitas m\u00e1s informaci\u00f3n, no dudes en contactar con nosotros<\/p>\n<p>[\/et_pb_text][et_pb_button button_url=\u00bbhttps:\/\/everestingspain.com\/index.php\/contacto\/\u00bb url_new_window=\u00bbon\u00bb button_text=\u00bbCONTACTO\u00bb button_alignment=\u00bbcenter\u00bb _builder_version=\u00bb4.23.4&#8243; _module_preset=\u00bbdefault\u00bb custom_button=\u00bbon\u00bb button_text_size=\u00bb29px\u00bb button_text_color=\u00bb#000000&#8243; button_bg_color=\u00bb#FFFFFF\u00bb button_font=\u00bbInter|600|||||||\u00bb global_colors_info=\u00bb{}\u00bb][\/et_pb_button][\/et_pb_column][\/et_pb_row][\/et_pb_section]<\/p>\n","protected":false},"excerpt":{"rendered":"<p>15 JUNIO 2024 &#8211; ASTURIASCERTIFICADO M\u00c9DICOSe requerir\u00e1 la presentaci\u00f3n de un certificado m\u00e9dico con prueba de esfuerzo realizado en un plazo m\u00e1ximo de seis meses antes del evento. En el certificado debe constar APTO PARA REALIZAR PRUEBA DE GRAN FONDO. Esta medida es esencial dada la magnitud del esfuerzo que se realizar\u00e1 en el evento. [&hellip;]<\/p>\n","protected":false},"author":2,"featured_media":0,"parent":10,"menu_order":6,"comment_status":"closed","ping_status":"closed","template":"","meta":{"_et_pb_use_builder":"on","_et_pb_old_content":"<!-- wp:paragraph -->\n<p>This is an example page. It's different from a blog post because it will stay in one place and will show up in your site navigation (in most themes). Most people start with an About page that introduces them to potential site visitors. It might say something like this:<\/p>\n<!-- \/wp:paragraph -->\n\n<!-- wp:quote -->\n<blockquote class=\"wp-block-quote\"><p>Hi there! I'm a bike messenger by day, aspiring actor by night, and this is my website. I live in Los Angeles, have a great dog named Jack, and I like pi&#241;a coladas. (And gettin' caught in the rain.)<\/p><\/blockquote>\n<!-- \/wp:quote -->\n\n<!-- wp:paragraph -->\n<p>...or something like this:<\/p>\n<!-- \/wp:paragraph -->\n\n<!-- wp:quote -->\n<blockquote class=\"wp-block-quote\"><p>The XYZ Doohickey Company was founded in 1971, and has been providing quality doohickeys to the public ever since. Located in Gotham City, XYZ employs over 2,000 people and does all kinds of awesome things for the Gotham community.<\/p><\/blockquote>\n<!-- \/wp:quote -->\n\n<!-- wp:paragraph -->\n<p>As a new WordPress user, you should go to <a href=\"https:\/\/everestingspain.com\/wp-admin\/\">your dashboard<\/a> to delete this page and create new pages for your content. Have fun!<\/p>\n<!-- \/wp:paragraph -->","_et_gb_content_width":"","footnotes":""},"class_list":["post-69","page","type-page","status-publish","hentry"],"aioseo_notices":[],"_links":{"self":[{"href":"https:\/\/everestingspain.com\/index.php\/wp-json\/wp\/v2\/pages\/69","targetHints":{"allow":["GET"]}}],"collection":[{"href":"https:\/\/everestingspain.com\/index.php\/wp-json\/wp\/v2\/pages"}],"about":[{"href":"https:\/\/everestingspain.com\/index.php\/wp-json\/wp\/v2\/types\/page"}],"author":[{"embeddable":true,"href":"https:\/\/everestingspain.com\/index.php\/wp-json\/wp\/v2\/users\/2"}],"replies":[{"embeddable":true,"href":"https:\/\/everestingspain.com\/index.php\/wp-json\/wp\/v2\/comments?post=69"}],"version-history":[{"count":0,"href":"https:\/\/everestingspain.com\/index.php\/wp-json\/wp\/v2\/pages\/69\/revisions"}],"up":[{"embeddable":true,"href":"https:\/\/everestingspain.com\/index.php\/wp-json\/wp\/v2\/pages\/10"}],"wp:attachment":[{"href":"https:\/\/everestingspain.com\/index.php\/wp-json\/wp\/v2\/media?parent=69"}],"curies":[{"name":"wp","href":"https:\/\/api.w.org\/{rel}","templated":true}]}}